{"id":1006,"date":"2023-05-15T14:21:18","date_gmt":"2023-05-15T14:21:18","guid":{"rendered":"http:\/\/pitoonwp.pixydrops.com\/?page_id=1006"},"modified":"2025-02-11T19:58:34","modified_gmt":"2025-02-11T19:58:34","slug":"faqs","status":"publish","type":"page","link":"https:\/\/swperformance.ca\/fr\/faqs\/","title":{"rendered":"Faqs"},"content":{"rendered":"<div data-elementor-type=\"wp-page\" data-elementor-id=\"1006\" class=\"elementor elementor-1006\">\n\t\t\t\t\t\t<section class=\"elementor-section elementor-top-section elementor-element elementor-element-dcd2191 elementor-section-full_width elementor-section-height-default elementor-section-height-default\" data-id=\"dcd2191\" data-element_type=\"section\" data-e-type=\"section\">\n\t\t\t\t\t\t<div class=\"elementor-container elementor-column-gap-no\">\n\t\t\t\t\t<div class=\"elementor-column elementor-col-100 elementor-top-column elementor-element elementor-element-876a505\" data-id=\"876a505\" data-element_type=\"column\" data-e-type=\"column\">\n\t\t\t<div class=\"elementor-widget-wrap elementor-element-populated\">\n\t\t\t\t\t\t<div class=\"elementor-element elementor-element-fab584b elementor-widget elementor-widget-pitoon-faq\" data-id=\"fab584b\" data-element_type=\"widget\" data-e-type=\"widget\" data-widget_type=\"pitoon-faq.default\">\n\t\t\t\t<div class=\"elementor-widget-container\">\n\t\t\t\t\t    <!--FAQ Page Start-->\r\n    <section class=\"faq-page\">\r\n        <div class=\"container\">\r\n                            <div class=\"faq-page__top text-center\">\r\n                                            <div class=\"faq-page__icon\">\r\n                            <img decoding=\"async\" data-src=\"https:\/\/swperformance.ca\/wp-content\/uploads\/2023\/05\/faq-page-icon-1.png\" alt=\"sw-performance-garage-longueuil-saint-hubert\" title=\"faq-page-icon-1\"  src=\"data:image\/gif;base64,R0lGODlhAQABAAAAACH5BAEKAAEALAAAAAABAAEAAAICTAEAOw==\" class=\"lazyload\" style=\"--smush-placeholder-width: 51px; --smush-placeholder-aspect-ratio: 51\/51;\">                        <\/div>\r\n                                        <h3 class=\"faq-page__title\">Comment pouvons-nous vous aider ?<\/h3>                                            <form class=\"faq-search-box__form\" method=\"get\" action=\"https:\/\/swperformance.ca\/fr\/\" data-trp-original-action=\"https:\/\/swperformance.ca\/fr\">\r\n                            <div class=\"faq-search-box__form-input\">\r\n                                <input type=\"search\" name=\"s\" placeholder=\"Rechercher ici\">\r\n                                <button type=\"submit\"><i class=\"icon-magnifying-glass\"><\/i><\/button>\r\n                            <\/div>\r\n                        <input type=\"hidden\" name=\"trp-form-language\" value=\"fr\"\/><\/form>\r\n                                    <\/div>\r\n                        <div class=\"faq-page__faq-box\">\r\n                <div class=\"accrodion-grp\" data-grp-name=\"faq-one-accrodion\">\r\n                                            <div class=\"accrodion\">\r\n                            <div class=\"accrodion-title\">\r\n                                <h4 class=\"\">Comment savoir si ma voiture a besoin de r\u00e9parations ?<\/h4>                            <\/div>\r\n                            <div class=\"accrodion-content\">\r\n                                <div class=\"inner\">\r\n                                    <p class=\"\">Soyez attentif aux signes avant-coureurs tels que les bruits inhabituels, les voyants du tableau de bord, les fuites de liquide ou une baisse de performance. Si vous remarquez l'un de ces signes, il est temps de faire r\u00e9viser votre voiture.<\/p>                                <\/div><!-- \/.inner -->\r\n                            <\/div>\r\n                        <\/div>\r\n                                            <div class=\"accrodion active\">\r\n                            <div class=\"accrodion-title\">\r\n                                <h4 class=\"\">Puis-je conduire ma voiture si le voyant de contr\u00f4le du moteur est allum\u00e9 ?<\/h4>                            <\/div>\r\n                            <div class=\"accrodion-content\">\r\n                                <div class=\"inner\">\r\n                                    <p class=\"\">Bien que certains probl\u00e8mes ne soient pas urgents, le fait de conduire avec le t\u00e9moin de contr\u00f4le du moteur allum\u00e9 peut entra\u00eener des probl\u00e8mes plus graves. Il est pr\u00e9f\u00e9rable de le faire diagnostiquer d\u00e8s que possible afin d'\u00e9viter des dommages plus importants.<\/p>                                <\/div><!-- \/.inner -->\r\n                            <\/div>\r\n                        <\/div>\r\n                                            <div class=\"accrodion\">\r\n                            <div class=\"accrodion-title\">\r\n                                <h4 class=\"\">Combien de temps faut-il pour r\u00e9parer une voiture ?<\/h4>                            <\/div>\r\n                            <div class=\"accrodion-content\">\r\n                                <div class=\"inner\">\r\n                                    <p class=\"\">Il existe de nombreuses variantes de passages dont la plupart ont subi des alt\u00e9rations dans certains mots inject\u00e9s cr\u00e9dibles. Phasellus a rhoncus erat simplement du texte libre disponible sur le march\u00e9.<\/p>                                <\/div><!-- \/.inner -->\r\n                            <\/div>\r\n                        <\/div>\r\n                                            <div class=\"accrodion\">\r\n                            <div class=\"accrodion-title\">\r\n                                <h4 class=\"\">\u00c0 quelle fr\u00e9quence dois-je faire vidanger mon huile ?<\/h4>                            <\/div>\r\n                            <div class=\"accrodion-content\">\r\n                                <div class=\"inner\">\r\n                                    <p class=\"\">Il existe de nombreuses variantes de passages dont la plupart ont subi des alt\u00e9rations dans certains mots inject\u00e9s cr\u00e9dibles. Phasellus a rhoncus erat simplement du texte libre disponible sur le march\u00e9.<\/p>                                <\/div><!-- \/.inner -->\r\n                            <\/div>\r\n                        <\/div>\r\n                                            <div class=\"accrodion\">\r\n                            <div class=\"accrodion-title\">\r\n                                <h4 class=\"\">Pourquoi l'entretien r\u00e9gulier est-il important ?<\/h4>                            <\/div>\r\n                            <div class=\"accrodion-content\">\r\n                                <div class=\"inner\">\r\n                                    <p class=\"\">Il existe de nombreuses variantes de passages dont la plupart ont subi des alt\u00e9rations dans certains mots inject\u00e9s cr\u00e9dibles. Phasellus a rhoncus erat simplement du texte libre disponible sur le march\u00e9.<\/p>                                <\/div><!-- \/.inner -->\r\n                            <\/div>\r\n                        <\/div>\r\n                                            <div class=\"accrodion\">\r\n                            <div class=\"accrodion-title\">\r\n                                <h4 class=\"\">Quels services de maintenance proposez-vous ?<\/h4>                            <\/div>\r\n                            <div class=\"accrodion-content\">\r\n                                <div class=\"inner\">\r\n                                    <p class=\"\">Nous proposons une gamme compl\u00e8te de services d'entretien, notamment les vidanges, les inspections des freins, les appoints de liquide, la rotation des pneus et les contr\u00f4les saisonniers.<\/p>                                <\/div><!-- \/.inner -->\r\n                            <\/div>\r\n                        <\/div>\r\n                                            <div class=\"accrodion\">\r\n                            <div class=\"accrodion-title\">\r\n                                <h4 class=\"\">\u00c0 quelle fr\u00e9quence dois-je faire inspecter ma voiture ?<\/h4>                            <\/div>\r\n                            <div class=\"accrodion-content\">\r\n                                <div class=\"inner\">\r\n                                    <p class=\"\">Nous recommandons de proc\u00e9der \u00e0 une inspection compl\u00e8te au moins une fois par an, ou avant les longs trajets et les changements de saison. Si vous remarquez des sympt\u00f4mes inhabituels, c'est aussi une bonne id\u00e9e de pr\u00e9voir une inspection.<\/p>                                <\/div><!-- \/.inner -->\r\n                            <\/div>\r\n                        <\/div>\r\n                                            <div class=\"accrodion\">\r\n                            <div class=\"accrodion-title\">\r\n                                <h4 class=\"\">Que se passe-t-il si ma voiture ne passe pas l'inspection ?<\/h4>                            <\/div>\r\n                            <div class=\"accrodion-content\">\r\n                                <div class=\"inner\">\r\n                                    <p class=\"\">Nous recommandons de proc\u00e9der \u00e0 une inspection compl\u00e8te au moins une fois par an, ou avant les longs trajets et les changements de saison. Si vous remarquez des sympt\u00f4mes inhabituels, c'est aussi une bonne id\u00e9e de pr\u00e9voir une inspection.<\/p>                                <\/div><!-- \/.inner -->\r\n                            <\/div>\r\n                        <\/div>\r\n                                            <div class=\"accrodion\">\r\n                            <div class=\"accrodion-title\">\r\n                                <h4 class=\"\">Quels sont les avantages de la mise au point de ma voiture ?<\/h4>                            <\/div>\r\n                            <div class=\"accrodion-content\">\r\n                                <div class=\"inner\">\r\n                                    <p class=\"\">Le tuning permet d'am\u00e9liorer les performances de votre voiture, d'augmenter la puissance, d'am\u00e9liorer la r\u00e9ponse de l'acc\u00e9l\u00e9rateur et peut m\u00eame am\u00e9liorer le rendement \u00e9nerg\u00e9tique. Il s'agit d'une option int\u00e9ressante pour les conducteurs qui souhaitent tirer le meilleur parti de leur v\u00e9hicule.<\/p>                                <\/div><!-- \/.inner -->\r\n                            <\/div>\r\n                        <\/div>\r\n                                    <\/div>\r\n            <\/div>\r\n            <div class=\"faq-page__bottom\">\r\n                <div class=\"row\">\r\n                                            <div class=\"col-xl-6 col-lg-6\">\r\n                            <div class=\"faq-page__contact-single\">\r\n                                <div class=\"faq-page__contact-shape-1 float-bob-x\">\r\n                                    <img decoding=\"async\" data-src=\"https:\/\/swperformance.ca\/wp-content\/uploads\/2023\/05\/faq-page-contact-shape-1.png\" alt=\"faq-page-contact-shape-1\" title=\"faq-page-contact-shape-1\"  src=\"data:image\/gif;base64,R0lGODlhAQABAAAAACH5BAEKAAEALAAAAAABAAEAAAICTAEAOw==\" class=\"lazyload\" style=\"--smush-placeholder-width: 232px; --smush-placeholder-aspect-ratio: 232\/215;\">                                <\/div>\r\n                                <h3 class=\"faq-page__contact-title\">Vous pouvez \u00e9galement nous demander <br> Questions !<\/h3>                                <div class=\"faq-page__contact-box\">\r\n                                    <div class=\"icon\">\r\n                                        <span aria-hidden=\"true\" class=\"icon-envelope\"><\/span>                                    <\/div>\r\n                                    <div class=\"content\">\r\n                                        <p class=\"\">Obtenir des r\u00e9ponses<\/p>                                        <h3>Rapide <a href=\"mailto:info@swperformance.ca\">info@swperformance.ca<\/a><\/h3>\r\n                                    <\/div>\r\n                                <\/div>\r\n                            <\/div>\r\n                        <\/div>\r\n                                            <div class=\"col-xl-6 col-lg-6\">\r\n                            <div class=\"faq-page__contact-single faq-page__contact-single-2\">\r\n                                <div class=\"faq-page__contact-shape-1 float-bob-x\">\r\n                                    <img decoding=\"async\" data-src=\"https:\/\/swperformance.ca\/wp-content\/uploads\/2023\/05\/faq-page-contact-shape-2.png\" alt=\"faq-page-contact-shape-2\" title=\"faq-page-contact-shape-2\"  src=\"data:image\/gif;base64,R0lGODlhAQABAAAAACH5BAEKAAEALAAAAAABAAEAAAICTAEAOw==\" class=\"lazyload\" style=\"--smush-placeholder-width: 208px; --smush-placeholder-aspect-ratio: 208\/209;\">                                <\/div>\r\n                                <h3 class=\"faq-page__contact-title faq-page__contact-title\">Besoin de nous appeler ? <br> Appelez-nous !<\/h3>                                <div class=\"faq-page__contact-box\">\r\n                                    <div class=\"icon\">\r\n                                        <svg aria-hidden=\"true\" class=\"e-font-icon-svg e-fas-phone-alt\" viewbox=\"0 0 512 512\" xmlns=\"http:\/\/www.w3.org\/2000\/svg\"><path d=\"M497.39 361.8l-112-48a24 24 0 0 0-28 6.9l-49.6 60.6A370.66 370.66 0 0 1 130.6 204.11l60.6-49.6a23.94 23.94 0 0 0 6.9-28l-48-112A24.16 24.16 0 0 0 122.6.61l-104 24A24 24 0 0 0 0 48c0 256.5 207.9 464 464 464a24 24 0 0 0 23.4-18.6l24-104a24.29 24.29 0 0 0-14.01-27.6z\"><\/path><\/svg>                                    <\/div>\r\n                                    <div class=\"content\">\r\n                                        <p class=\"\">Vous avez une question ?<\/p>                                        <h3>Gratuit <a href=\"tel:5147042472\">+1 (514) 704-2472<\/a><\/h3>\r\n                                    <\/div>\r\n                                <\/div>\r\n                            <\/div>\r\n                        <\/div>\r\n                                    <\/div>\r\n            <\/div>\r\n        <\/div>\r\n    <\/section>\r\n    <!--FAQ Page End-->\r\n\r\n\t\t\t\t<\/div>\n\t\t\t\t<\/div>\n\t\t\t\t\t<\/div>\n\t\t<\/div>\n\t\t\t\t\t<\/div>\n\t\t<\/section>\n\t\t\t\t<\/div>","protected":false},"excerpt":{"rendered":"<p>How Can We Help You? How do I know if my car needs repairs? Look for warning signs like unusual noises, dashboard warning lights, fluid leaks, or a decrease in performance. If you notice any of these, it&#8217;s time to bring your car in for a check-up. Can I drive my car if the check [&hellip;]<\/p>\n","protected":false},"author":1,"featured_media":0,"parent":0,"menu_order":0,"comment_status":"closed","ping_status":"closed","template":"elementor_header_footer","meta":{"footnotes":""},"class_list":["post-1006","page","type-page","status-publish","hentry"],"jetpack_sharing_enabled":true,"_links":{"self":[{"href":"https:\/\/swperformance.ca\/fr\/wp-json\/wp\/v2\/pages\/1006","targetHints":{"allow":["GET"]}}],"collection":[{"href":"https:\/\/swperformance.ca\/fr\/wp-json\/wp\/v2\/pages"}],"about":[{"href":"https:\/\/swperformance.ca\/fr\/wp-json\/wp\/v2\/types\/page"}],"author":[{"embeddable":true,"href":"https:\/\/swperformance.ca\/fr\/wp-json\/wp\/v2\/users\/1"}],"replies":[{"embeddable":true,"href":"https:\/\/swperformance.ca\/fr\/wp-json\/wp\/v2\/comments?post=1006"}],"version-history":[{"count":7,"href":"https:\/\/swperformance.ca\/fr\/wp-json\/wp\/v2\/pages\/1006\/revisions"}],"predecessor-version":[{"id":3876,"href":"https:\/\/swperformance.ca\/fr\/wp-json\/wp\/v2\/pages\/1006\/revisions\/3876"}],"wp:attachment":[{"href":"https:\/\/swperformance.ca\/fr\/wp-json\/wp\/v2\/media?parent=1006"}],"curies":[{"name":"wp","href":"https:\/\/api.w.org\/{rel}","templated":true}]}}